{"id":2717,"date":"2020-12-13T08:37:40","date_gmt":"2020-12-13T08:37:40","guid":{"rendered":"https:\/\/www.blutec.ma\/contactez-nous\/"},"modified":"2020-12-13T09:04:09","modified_gmt":"2020-12-13T09:04:09","slug":"contactez-nous","status":"publish","type":"page","link":"https:\/\/www.blutec.ma\/fr\/contactez-nous\/","title":{"rendered":"Contactez-nous"},"content":{"rendered":"<div class=\"wpb-content-wrapper\"><p>[vc_row css=&#8221;.vc_custom_1586113130187{padding-top: 70px !important;background-color: #ffffff !important;}&#8221;][vc_column width=&#8221;1\/6&#8243;][\/vc_column][vc_column width=&#8221;2\/3&#8243;]<ul class=\"iconlist iconlist iconlist-icon-medium aligncenter\"><li><div ><div class=\"iconlist-item-icon\"><i class=\"icon-envelope\"><\/i><\/div><div class=\"iconlist-item-content\"><h4>Entrer en contact<\/h4><p>Appelez-nous: + (212) 522500774<br \/>Heures d&#8217;ouverture: 9h &#8211; 18h<br \/>\u00c9crivez-nous: contact@blutec.ma<\/div><\/div><\/li><li><div ><div class=\"iconlist-item-icon\"><i class=\"icon-map-pin\"><\/i><\/div><div class=\"iconlist-item-content\"><h4>Trouvez votre local<\/h4><p>BLUTEC fournit ses services avanc\u00e9s de support informatique g\u00e9r\u00e9 aux clients \u00e0 l&#8217;\u00e9chelle mondiale.<\/div><\/div><\/li><li><div ><div class=\"iconlist-item-icon\"><i class=\"icon-chat\"><\/i><\/div><div class=\"iconlist-item-content\"><h4><span class=\"JLqJ4b ChMk0b\" data-language-for-alternatives=\"fr\" data-language-to-translate-into=\"en\" data-phrase-index=\"0\">Vous avez des questions?<\/span><\/h4><p>Lorsqu&#8217;il s&#8217;agit de g\u00e9rer l&#8217;informatique pour votre entreprise, vous avez besoin d&#8217;un expert. C\u2019est l\u00e0 que nous intervenons.<\/div><\/div><\/li><\/ul>[vc_empty_space height=&#8221;40px&#8221;][\/vc_column][vc_column width=&#8221;1\/6&#8243;][\/vc_column][\/vc_row][vc_row css=&#8221;.vc_custom_1586074520206{padding-bottom: 80px !important;background: #ffffff url(https:\/\/www.blutec.ma\/wp-content\/uploads\/2019\/03\/bg-page-title.png?id=2051) !important;}&#8221;][vc_column width=&#8221;1\/12&#8243;][\/vc_column][vc_column width=&#8221;5\/6&#8243;]\n<div class=\"wpcf7 no-js\" id=\"wpcf7-f2720-o1\" lang=\"en-US\" dir=\"ltr\" data-wpcf7-id=\"2720\">\n<div class=\"screen-reader-response\"><p role=\"status\" aria-live=\"polite\" aria-atomic=\"true\"><\/p> <ul><\/ul><\/div>\n<form action=\"\/fr\/wp-json\/wp\/v2\/pages\/2717#wpcf7-f2720-o1\" method=\"post\" class=\"wpcf7-form init\" aria-label=\"Contact form\" novalidate=\"novalidate\" data-status=\"init\">\n<fieldset class=\"hidden-fields-container\"><input type=\"hidden\" name=\"_wpcf7\" value=\"2720\" \/><input type=\"hidden\" name=\"_wpcf7_version\" value=\"6.1.2\" \/><input type=\"hidden\" name=\"_wpcf7_locale\" value=\"en_US\" \/><input type=\"hidden\" name=\"_wpcf7_unit_tag\" value=\"wpcf7-f2720-o1\" \/><input type=\"hidden\" name=\"_wpcf7_container_post\" value=\"0\" \/><input type=\"hidden\" name=\"_wpcf7_posted_data_hash\" value=\"\" \/><input type=\"hidden\" name=\"_wpcf7_recaptcha_response\" value=\"\" \/>\n<\/fieldset>\n<div class=\"contact\">\n\t<div class=\"row\">\n\t\t<div class=\"columns columns-6\">\n\t\t\t<p><label>Nom complet * <span class=\"wpcf7-form-control-wrap\" data-name=\"text-228\"><input size=\"40\" maxlength=\"400\" class=\"wpcf7-form-control wpcf7-text wpcf7-validates-as-required\" aria-required=\"true\" aria-invalid=\"false\" placeholder=\"e.g., Amine Alaoui\" value=\"\" type=\"text\" name=\"text-228\" \/><\/span><\/label>\n\t\t\t<\/p>\n\t\t<\/div>\n\t\t<div class=\"columns columns-6\">\n\t\t\t<p><label>Organisation * <span class=\"wpcf7-form-control-wrap\" data-name=\"text-228\"><input size=\"40\" maxlength=\"400\" class=\"wpcf7-form-control wpcf7-text wpcf7-validates-as-required\" aria-required=\"true\" aria-invalid=\"false\" placeholder=\"Nom de la soci\u00e9t\u00e9\" value=\"\" type=\"text\" name=\"text-228\" \/><\/span><\/label>\n\t\t\t<\/p>\n\t\t<\/div>\n\t<\/div>\n\t<div class=\"row\">\n\t\t<div class=\"columns columns-6\">\n\t\t\t<p><label>Adresse e-mail professionnelle * <span class=\"wpcf7-form-control-wrap\" data-name=\"email-322\"><input size=\"40\" maxlength=\"400\" class=\"wpcf7-form-control wpcf7-email wpcf7-validates-as-required wpcf7-text wpcf7-validates-as-email\" aria-required=\"true\" aria-invalid=\"false\" placeholder=\"nom@societe.com\" value=\"\" type=\"email\" name=\"email-322\" \/><\/span><\/label>\n\t\t\t<\/p>\n\t\t<\/div>\n\t\t<div class=\"columns columns-6\">\n\t\t\t<p><label>Num\u00e9ro du t\u00e9l\u00e9phone <span class=\"wpcf7-form-control-wrap\" data-name=\"tel-744\"><input size=\"40\" maxlength=\"400\" class=\"wpcf7-form-control wpcf7-tel wpcf7-text wpcf7-validates-as-tel\" aria-invalid=\"false\" placeholder=\"Num\u00e9ro complet (avec pr\u00e9fixe)\" value=\"\" type=\"tel\" name=\"tel-744\" \/><\/span><\/label>\n\t\t\t<\/p>\n\t\t<\/div>\n\t<\/div>\n\t<div class=\"row\">\n\t\t<div class=\"columns columns-6\">\n\t\t\t<p><label>Taille de l'entreprise * <span class=\"wpcf7-form-control-wrap\" data-name=\"menu-570\"><select class=\"wpcf7-form-control wpcf7-select wpcf7-validates-as-required\" aria-required=\"true\" aria-invalid=\"false\" name=\"menu-570\"><option value=\"Please Select\">Please Select<\/option><option value=\"1 (freelancer)\">1 (freelancer)<\/option><option value=\"2-19\">2-19<\/option><option value=\"20-49\">20-49<\/option><option value=\"50+\">50+<\/option><\/select><\/span><\/label>\n\t\t\t<\/p>\n\t\t<\/div>\n\t\t<div class=\"columns columns-6\">\n\t\t\t<p><label>Sur quoi porte votre demande ? * <span class=\"wpcf7-form-control-wrap\" data-name=\"menu-570\"><select class=\"wpcf7-form-control wpcf7-select wpcf7-validates-as-required\" aria-required=\"true\" aria-invalid=\"false\" name=\"menu-570\"><option value=\"Veuillez s\u00e9lectionner\">Veuillez s\u00e9lectionner<\/option><option value=\"Services G\u00e9r\u00e9s\">Services G\u00e9r\u00e9s<\/option><option value=\"Support Informatique\">Support Informatique<\/option><option value=\"Cyber-S\u00e9curit\u00e9\">Cyber-S\u00e9curit\u00e9<\/option><option value=\"Services Cloud\">Services Cloud<\/option><option value=\"Demande d&#039;informations g\u00e9n\u00e9rales\">Demande d&#039;informations g\u00e9n\u00e9rales<\/option><option value=\"Partenariat\">Partenariat<\/option><option value=\"Carri\u00e8res\">Carri\u00e8res<\/option><\/select><\/span><\/label>\n\t\t\t<\/p>\n\t\t<\/div>\n\t<\/div>\n\t<div class=\"row\">\n\t\t<div class=\"columns columns-12\">\n\t\t\t<p><label>Comment est-ce que nous pouvons vous aider ? * <span class=\"wpcf7-form-control-wrap\" data-name=\"textarea-431\"><textarea cols=\"40\" rows=\"10\" maxlength=\"2000\" class=\"wpcf7-form-control wpcf7-textarea wpcf7-validates-as-required\" aria-required=\"true\" aria-invalid=\"false\" placeholder=\"Faites-nous savoir ce dont vous avez besoin.\" name=\"textarea-431\"><\/textarea><\/span><\/label>\n\t\t\t<\/p>\n\t\t<\/div>\n\t<\/div>\n\t<div class=\"row\">\n\t\t<div class=\"columns columns-12\">\n\t\t\t<p><input class=\"wpcf7-form-control wpcf7-submit has-spinner primary\" type=\"submit\" value=\"Soumettre\" \/>\n\t\t\t<\/p>\n\t\t<\/div>\n\t<\/div>\n<\/div><p style=\"display: none !important;\" class=\"akismet-fields-container\" data-prefix=\"_wpcf7_ak_\"><label>&#916;<textarea name=\"_wpcf7_ak_hp_textarea\" cols=\"45\" rows=\"8\" maxlength=\"100\"><\/textarea><\/label><input type=\"hidden\" id=\"ak_js_1\" name=\"_wpcf7_ak_js\" value=\"181\"\/><script>document.getElementById( \"ak_js_1\" ).setAttribute( \"value\", ( new Date() ).getTime() );<\/script><\/p><div class=\"wpcf7-response-output\" aria-hidden=\"true\"><\/div>\n<\/form>\n<\/div>\n[vc_empty_space height=&#8221;40px&#8221;][vc_column_text]<\/p>\n<p style=\"text-align: center;\">Vous pouvez \u00e9galement nous envoyer un e-mail \u00e0 <a href=\"mailto:sales@blutec.ma\">sales@blutec.ma<\/a><\/p>\n<p>[\/vc_column_text][\/vc_column][vc_column width=&#8221;1\/12&#8243;][\/vc_column][\/vc_row][vc_row full_width=&#8221;stretch_row_content_no_spaces&#8221; css=&#8221;.vc_custom_1585692623124{background: #ffffff url(https:\/\/www.blutec.ma\/wp-content\/uploads\/2020\/03\/bg-page-title.png?id=2269) !important;}&#8221;][vc_column][vc_custom_heading text=&#8221;Trouvez-nous sur la carte&#8221; font_container=&#8221;tag:h2|text_align:center&#8221; use_theme_fonts=&#8221;yes&#8221;][vc_gmaps link=&#8221;#E-8_JTNDaWZyYW1lJTIwc3JjJTNEJTIyaHR0cHMlM0ElMkYlMkZ3d3cuZ29vZ2xlLmNvbSUyRm1hcHMlMkZlbWJlZCUzRnBiJTNEJTIxMW0xOCUyMTFtMTIlMjExbTMlMjExZDMzMjUuNDEyMDUzMjI1NDI4NyUyMTJkLTcuNjQyNDAyMDg0Nzk4Mjk3JTIxM2QzMy41NDI2Njg5MzA3NDc4MSUyMTJtMyUyMTFmMCUyMTJmMCUyMTNmMCUyMTNtMiUyMTFpMTAyNCUyMTJpNzY4JTIxNGYxMy4xJTIxM20zJTIxMW0yJTIxMXMweGRhNjJkM2M3N2Q1NmQ1NyUyNTNBMHgzOWM4NjRiZWY4OWE3MWY1JTIxMnNUZWNobm9wYXJrJTI1MkMlMjUyMENhc2FibGFuY2ElMjE1ZTAlMjEzbTIlMjExc2VuJTIxMnNtYSUyMTR2MTU4NTY4MDgzNzEzOCUyMTVtMiUyMTFzZW4lMjEyc21hJTIyJTIwd2lkdGglM0QlMjI2MDAlMjIlMjBoZWlnaHQlM0QlMjI0NTAlMjIlMjBmcmFtZWJvcmRlciUzRCUyMjAlMjIlMjBzdHlsZSUzRCUyMmJvcmRlciUzQTAlM0IlMjIlMjBhbGxvd2Z1bGxzY3JlZW4lM0QlMjIlMjIlMjBhcmlhLWhpZGRlbiUzRCUyMmZhbHNlJTIyJTIwdGFiaW5kZXglM0QlMjIwJTIyJTNFJTNDJTJGaWZyYW1lJTNF&#8221; css=&#8221;.vc_custom_1585689940631{background-color: #0c4d77 !important;}&#8221;][\/vc_column][\/vc_row]<\/p>\n<\/div>","protected":false},"excerpt":{"rendered":"<p>[vc_row css=&#8221;.vc_custom_1586113130187{padding-top: 70px !important;background-color: #ffffff !important;}&#8221;][vc_column width=&#8221;1\/6&#8243;][\/vc_column][vc_column width=&#8221;2\/3&#8243;][vc_empty_space height=&#8221;40px&#8221;][\/vc_column][vc_column width=&#8221;1\/6&#8243;][\/vc_column][\/vc_row][vc_row css=&#8221;.vc_custom_1586074520206{padding-bottom: 80px !important;background: #ffffff url(https:\/\/www.blutec.ma\/wp-content\/uploads\/2019\/03\/bg-page-title.png?id=2051) !important;}&#8221;][vc_column width=&#8221;1\/12&#8243;][\/vc_column][vc_column width=&#8221;5\/6&#8243;][vc_empty_space height=&#8221;40px&#8221;][vc_column_text] Vous pouvez \u00e9galement nous envoyer un e-mail \u00e0 sales@blutec.ma [\/vc_column_text][\/vc_column][vc_column width=&#8221;1\/12&#8243;][\/vc_column][\/vc_row][vc_row full_width=&#8221;stretch_row_content_no_spaces&#8221; css=&#8221;.vc_custom_1585692623124{background: #ffffff url(https:\/\/www.blutec.ma\/wp-content\/uploads\/2020\/03\/bg-page-title.png?id=2269) !important;}&#8221;][vc_column][vc_custom_heading text=&#8221;Trouvez-nous sur la carte&#8221; font_container=&#8221;tag:h2|text_align:center&#8221; use_theme_fonts=&#8221;yes&#8221;][vc_gmaps link=&#8221;#E-8_JTNDaWZyYW1lJTIwc3JjJTNEJTIyaHR0cHMlM0ElMkYlMkZ3d3cuZ29vZ2xlLmNvbSUyRm1hcHMlMkZlbWJlZCUzRnBiJTNEJTIxMW0xOCUyMTFtMTIlMjExbTMlMjExZDMzMjUuNDEyMDUzMjI1NDI4NyUyMTJkLTcuNjQyNDAyMDg0Nzk4Mjk3JTIxM2QzMy41NDI2Njg5MzA3NDc4MSUyMTJtMyUyMTFmMCUyMTJmMCUyMTNmMCUyMTNtMiUyMTFpMTAyNCUyMTJpNzY4JTIxNGYxMy4xJTIxM20zJTIxMW0yJTIxMXMweGRhNjJkM2M3N2Q1NmQ1NyUyNTNBMHgzOWM4NjRiZWY4OWE3MWY1JTIxMnNUZWNobm9wYXJrJTI1MkMlMjUyMENhc2FibGFuY2ElMjE1ZTAlMjEzbTIlMjExc2VuJTIxMnNtYSUyMTR2MTU4NTY4MDgzNzEzOCUyMTVtMiUyMTFzZW4lMjEyc21hJTIyJTIwd2lkdGglM0QlMjI2MDAlMjIlMjBoZWlnaHQlM0QlMjI0NTAlMjIlMjBmcmFtZWJvcmRlciUzRCUyMjAlMjIlMjBzdHlsZSUzRCUyMmJvcmRlciUzQTAlM0IlMjIlMjBhbGxvd2Z1bGxzY3JlZW4lM0QlMjIlMjIlMjBhcmlhLWhpZGRlbiUzRCUyMmZhbHNlJTIyJTIwdGFiaW5kZXglM0QlMjIwJTIyJTNFJTNDJTJGaWZyYW1lJTNF&#8221; css=&#8221;.vc_custom_1585689940631{background-color: #0c4d77 !important;}&#8221;][\/vc_column][\/vc_row]<\/p>\n","protected":false},"author":1,"featured_media":0,"parent":0,"menu_order":0,"comment_status":"closed","ping_status":"closed","template":"tmpl\/template-fullwidth.php","meta":{"_acf_changed":false,"_mo_disable_npp":"","footnotes":""},"class_list":["post-2717","page","type-page","status-publish","hentry"],"acf":[],"yoast_head":"<!-- This site is optimized with the Yoast SEO plugin v26.0 - https:\/\/yoast.com\/wordpress\/plugins\/seo\/ -->\n<title>Contactez-nous - BLUTEC IT Solutions<\/title>\n<meta name=\"robots\" content=\"noindex, follow, max-snippet:-1, max-image-preview:large, max-video-preview:-1\" \/>\n<meta property=\"og:locale\" content=\"fr_FR\" \/>\n<meta property=\"og:type\" content=\"article\" \/>\n<meta property=\"og:title\" content=\"Contactez-nous - BLUTEC IT Solutions\" \/>\n<meta property=\"og:description\" content=\"[vc_row css=&#8221;.vc_custom_1586113130187{padding-top: 70px !important;background-color: #ffffff !important;}&#8221;][vc_column width=&#8221;1\/6&#8243;][\/vc_column][vc_column width=&#8221;2\/3&#8243;][vc_empty_space height=&#8221;40px&#8221;][\/vc_column][vc_column width=&#8221;1\/6&#8243;][\/vc_column][\/vc_row][vc_row css=&#8221;.vc_custom_1586074520206{padding-bottom: 80px !important;background: #ffffff url(https:\/\/www.blutec.ma\/wp-content\/uploads\/2019\/03\/bg-page-title.png?id=2051) !important;}&#8221;][vc_column width=&#8221;1\/12&#8243;][\/vc_column][vc_column width=&#8221;5\/6&#8243;][vc_empty_space height=&#8221;40px&#8221;][vc_column_text] Vous pouvez \u00e9galement nous envoyer un e-mail \u00e0 sales@blutec.ma [\/vc_column_text][\/vc_column][vc_column width=&#8221;1\/12&#8243;][\/vc_column][\/vc_row][vc_row full_width=&#8221;stretch_row_content_no_spaces&#8221; css=&#8221;.vc_custom_1585692623124{background: #ffffff url(https:\/\/www.blutec.ma\/wp-content\/uploads\/2020\/03\/bg-page-title.png?id=2269) !important;}&#8221;][vc_column][vc_custom_heading text=&#8221;Trouvez-nous sur la carte&#8221; font_container=&#8221;tag:h2|text_align:center&#8221; use_theme_fonts=&#8221;yes&#8221;][vc_gmaps link=&#8221;#E-8_JTNDaWZyYW1lJTIwc3JjJTNEJTIyaHR0cHMlM0ElMkYlMkZ3d3cuZ29vZ2xlLmNvbSUyRm1hcHMlMkZlbWJlZCUzRnBiJTNEJTIxMW0xOCUyMTFtMTIlMjExbTMlMjExZDMzMjUuNDEyMDUzMjI1NDI4NyUyMTJkLTcuNjQyNDAyMDg0Nzk4Mjk3JTIxM2QzMy41NDI2Njg5MzA3NDc4MSUyMTJtMyUyMTFmMCUyMTJmMCUyMTNmMCUyMTNtMiUyMTFpMTAyNCUyMTJpNzY4JTIxNGYxMy4xJTIxM20zJTIxMW0yJTIxMXMweGRhNjJkM2M3N2Q1NmQ1NyUyNTNBMHgzOWM4NjRiZWY4OWE3MWY1JTIxMnNUZWNobm9wYXJrJTI1MkMlMjUyMENhc2FibGFuY2ElMjE1ZTAlMjEzbTIlMjExc2VuJTIxMnNtYSUyMTR2MTU4NTY4MDgzNzEzOCUyMTVtMiUyMTFzZW4lMjEyc21hJTIyJTIwd2lkdGglM0QlMjI2MDAlMjIlMjBoZWlnaHQlM0QlMjI0NTAlMjIlMjBmcmFtZWJvcmRlciUzRCUyMjAlMjIlMjBzdHlsZSUzRCUyMmJvcmRlciUzQTAlM0IlMjIlMjBhbGxvd2Z1bGxzY3JlZW4lM0QlMjIlMjIlMjBhcmlhLWhpZGRlbiUzRCUyMmZhbHNlJTIyJTIwdGFiaW5kZXglM0QlMjIwJTIyJTNFJTNDJTJGaWZyYW1lJTNF&#8221; css=&#8221;.vc_custom_1585689940631{background-color: #0c4d77 !important;}&#8221;][\/vc_column][\/vc_row]\" \/>\n<meta property=\"og:url\" content=\"https:\/\/www.blutec.ma\/fr\/contactez-nous\/\" \/>\n<meta property=\"og:site_name\" content=\"BLUTEC IT Solutions\" \/>\n<meta property=\"article:modified_time\" content=\"2020-12-13T09:04:09+00:00\" \/>\n<meta name=\"twitter:card\" content=\"summary_large_image\" \/>\n<meta name=\"twitter:label1\" content=\"Dur\u00e9e de lecture estim\u00e9e\" \/>\n\t<meta name=\"twitter:data1\" content=\"2 minutes\" \/>\n<script type=\"application\/ld+json\" class=\"yoast-schema-graph\">{\"@context\":\"https:\/\/schema.org\",\"@graph\":[{\"@type\":\"WebPage\",\"@id\":\"https:\/\/www.blutec.ma\/fr\/contactez-nous\/\",\"url\":\"https:\/\/www.blutec.ma\/fr\/contactez-nous\/\",\"name\":\"Contactez-nous - BLUTEC IT Solutions\",\"isPartOf\":{\"@id\":\"https:\/\/www.blutec.ma\/#website\"},\"datePublished\":\"2020-12-13T08:37:40+00:00\",\"dateModified\":\"2020-12-13T09:04:09+00:00\",\"breadcrumb\":{\"@id\":\"https:\/\/www.blutec.ma\/fr\/contactez-nous\/#breadcrumb\"},\"inLanguage\":\"fr-FR\",\"potentialAction\":[{\"@type\":\"ReadAction\",\"target\":[\"https:\/\/www.blutec.ma\/fr\/contactez-nous\/\"]}]},{\"@type\":\"BreadcrumbList\",\"@id\":\"https:\/\/www.blutec.ma\/fr\/contactez-nous\/#breadcrumb\",\"itemListElement\":[{\"@type\":\"ListItem\",\"position\":1,\"name\":\"Home\",\"item\":\"https:\/\/www.blutec.ma\/fr\/\"},{\"@type\":\"ListItem\",\"position\":2,\"name\":\"Contactez-nous\"}]},{\"@type\":\"WebSite\",\"@id\":\"https:\/\/www.blutec.ma\/#website\",\"url\":\"https:\/\/www.blutec.ma\/\",\"name\":\"BLUTEC IT Solutions\",\"description\":\"Empower yourselves with the latest technology\",\"potentialAction\":[{\"@type\":\"SearchAction\",\"target\":{\"@type\":\"EntryPoint\",\"urlTemplate\":\"https:\/\/www.blutec.ma\/?s={search_term_string}\"},\"query-input\":{\"@type\":\"PropertyValueSpecification\",\"valueRequired\":true,\"valueName\":\"search_term_string\"}}],\"inLanguage\":\"fr-FR\"}]}<\/script>\n<!-- \/ Yoast SEO plugin. -->","yoast_head_json":{"title":"Contactez-nous - BLUTEC IT Solutions","robots":{"index":"noindex","follow":"follow","max-snippet":"max-snippet:-1","max-image-preview":"max-image-preview:large","max-video-preview":"max-video-preview:-1"},"og_locale":"fr_FR","og_type":"article","og_title":"Contactez-nous - BLUTEC IT Solutions","og_description":"[vc_row css=&#8221;.vc_custom_1586113130187{padding-top: 70px !important;background-color: #ffffff !important;}&#8221;][vc_column width=&#8221;1\/6&#8243;][\/vc_column][vc_column width=&#8221;2\/3&#8243;][vc_empty_space height=&#8221;40px&#8221;][\/vc_column][vc_column width=&#8221;1\/6&#8243;][\/vc_column][\/vc_row][vc_row css=&#8221;.vc_custom_1586074520206{padding-bottom: 80px !important;background: #ffffff url(https:\/\/www.blutec.ma\/wp-content\/uploads\/2019\/03\/bg-page-title.png?id=2051) !important;}&#8221;][vc_column width=&#8221;1\/12&#8243;][\/vc_column][vc_column width=&#8221;5\/6&#8243;][vc_empty_space height=&#8221;40px&#8221;][vc_column_text] Vous pouvez \u00e9galement nous envoyer un e-mail \u00e0 sales@blutec.ma [\/vc_column_text][\/vc_column][vc_column width=&#8221;1\/12&#8243;][\/vc_column][\/vc_row][vc_row full_width=&#8221;stretch_row_content_no_spaces&#8221; css=&#8221;.vc_custom_1585692623124{background: #ffffff url(https:\/\/www.blutec.ma\/wp-content\/uploads\/2020\/03\/bg-page-title.png?id=2269) !important;}&#8221;][vc_column][vc_custom_heading text=&#8221;Trouvez-nous sur la carte&#8221; font_container=&#8221;tag:h2|text_align:center&#8221; use_theme_fonts=&#8221;yes&#8221;][vc_gmaps link=&#8221;#E-8_JTNDaWZyYW1lJTIwc3JjJTNEJTIyaHR0cHMlM0ElMkYlMkZ3d3cuZ29vZ2xlLmNvbSUyRm1hcHMlMkZlbWJlZCUzRnBiJTNEJTIxMW0xOCUyMTFtMTIlMjExbTMlMjExZDMzMjUuNDEyMDUzMjI1NDI4NyUyMTJkLTcuNjQyNDAyMDg0Nzk4Mjk3JTIxM2QzMy41NDI2Njg5MzA3NDc4MSUyMTJtMyUyMTFmMCUyMTJmMCUyMTNmMCUyMTNtMiUyMTFpMTAyNCUyMTJpNzY4JTIxNGYxMy4xJTIxM20zJTIxMW0yJTIxMXMweGRhNjJkM2M3N2Q1NmQ1NyUyNTNBMHgzOWM4NjRiZWY4OWE3MWY1JTIxMnNUZWNobm9wYXJrJTI1MkMlMjUyMENhc2FibGFuY2ElMjE1ZTAlMjEzbTIlMjExc2VuJTIxMnNtYSUyMTR2MTU4NTY4MDgzNzEzOCUyMTVtMiUyMTFzZW4lMjEyc21hJTIyJTIwd2lkdGglM0QlMjI2MDAlMjIlMjBoZWlnaHQlM0QlMjI0NTAlMjIlMjBmcmFtZWJvcmRlciUzRCUyMjAlMjIlMjBzdHlsZSUzRCUyMmJvcmRlciUzQTAlM0IlMjIlMjBhbGxvd2Z1bGxzY3JlZW4lM0QlMjIlMjIlMjBhcmlhLWhpZGRlbiUzRCUyMmZhbHNlJTIyJTIwdGFiaW5kZXglM0QlMjIwJTIyJTNFJTNDJTJGaWZyYW1lJTNF&#8221; css=&#8221;.vc_custom_1585689940631{background-color: #0c4d77 !important;}&#8221;][\/vc_column][\/vc_row]","og_url":"https:\/\/www.blutec.ma\/fr\/contactez-nous\/","og_site_name":"BLUTEC IT Solutions","article_modified_time":"2020-12-13T09:04:09+00:00","twitter_card":"summary_large_image","twitter_misc":{"Dur\u00e9e de lecture estim\u00e9e":"2 minutes"},"schema":{"@context":"https:\/\/schema.org","@graph":[{"@type":"WebPage","@id":"https:\/\/www.blutec.ma\/fr\/contactez-nous\/","url":"https:\/\/www.blutec.ma\/fr\/contactez-nous\/","name":"Contactez-nous - BLUTEC IT Solutions","isPartOf":{"@id":"https:\/\/www.blutec.ma\/#website"},"datePublished":"2020-12-13T08:37:40+00:00","dateModified":"2020-12-13T09:04:09+00:00","breadcrumb":{"@id":"https:\/\/www.blutec.ma\/fr\/contactez-nous\/#breadcrumb"},"inLanguage":"fr-FR","potentialAction":[{"@type":"ReadAction","target":["https:\/\/www.blutec.ma\/fr\/contactez-nous\/"]}]},{"@type":"BreadcrumbList","@id":"https:\/\/www.blutec.ma\/fr\/contactez-nous\/#breadcrumb","itemListElement":[{"@type":"ListItem","position":1,"name":"Home","item":"https:\/\/www.blutec.ma\/fr\/"},{"@type":"ListItem","position":2,"name":"Contactez-nous"}]},{"@type":"WebSite","@id":"https:\/\/www.blutec.ma\/#website","url":"https:\/\/www.blutec.ma\/","name":"BLUTEC IT Solutions","description":"Empower yourselves with the latest technology","potentialAction":[{"@type":"SearchAction","target":{"@type":"EntryPoint","urlTemplate":"https:\/\/www.blutec.ma\/?s={search_term_string}"},"query-input":{"@type":"PropertyValueSpecification","valueRequired":true,"valueName":"search_term_string"}}],"inLanguage":"fr-FR"}]}},"_links":{"self":[{"href":"https:\/\/www.blutec.ma\/fr\/wp-json\/wp\/v2\/pages\/2717","targetHints":{"allow":["GET"]}}],"collection":[{"href":"https:\/\/www.blutec.ma\/fr\/wp-json\/wp\/v2\/pages"}],"about":[{"href":"https:\/\/www.blutec.ma\/fr\/wp-json\/wp\/v2\/types\/page"}],"author":[{"embeddable":true,"href":"https:\/\/www.blutec.ma\/fr\/wp-json\/wp\/v2\/users\/1"}],"replies":[{"embeddable":true,"href":"https:\/\/www.blutec.ma\/fr\/wp-json\/wp\/v2\/comments?post=2717"}],"version-history":[{"count":4,"href":"https:\/\/www.blutec.ma\/fr\/wp-json\/wp\/v2\/pages\/2717\/revisions"}],"predecessor-version":[{"id":2754,"href":"https:\/\/www.blutec.ma\/fr\/wp-json\/wp\/v2\/pages\/2717\/revisions\/2754"}],"wp:attachment":[{"href":"https:\/\/www.blutec.ma\/fr\/wp-json\/wp\/v2\/media?parent=2717"}],"curies":[{"name":"wp","href":"https:\/\/api.w.org\/{rel}","templated":true}]}}