{"id":2699,"date":"2020-12-12T20:02:05","date_gmt":"2020-12-12T20:02:05","guid":{"rendered":"https:\/\/www.blutec.ma\/carrieres\/"},"modified":"2020-12-12T20:08:15","modified_gmt":"2020-12-12T20:08:15","slug":"carrieres","status":"publish","type":"page","link":"https:\/\/www.blutec.ma\/fr\/carrieres\/","title":{"rendered":"Carri\u00e8res"},"content":{"rendered":"<div class=\"wpb-content-wrapper\"><p>[vc_row css=&#8221;.vc_custom_1586116209697{padding-top: 80px !important;padding-bottom: 40px !important;background-color: #ffffff !important;}&#8221;][vc_column]<ul class=\"iconlist iconlist iconlist-icon-small number columns-4\"><li><div ><div class=\"iconlist-item-icon\"><\/div><div class=\"iconlist-item-content\"><h4>TRAVAIL EN \u00c9QUIPE<\/h4><p>Travailler ensemble est essentiel \u00e0 notre succ\u00e8s. Nous encourageons la diversit\u00e9 des comp\u00e9tences et la confiance.<\/div><\/div><\/li><li><div ><div class=\"iconlist-item-icon\"><\/div><div class=\"iconlist-item-content\"><h4>LE RESPECT<\/h4><p>Traitez tous les employ\u00e9s, fournisseurs et partenaires avec respect. Nous prosp\u00e9rons sur la transparence et l&#8217;honn\u00eatet\u00e9.<\/div><\/div><\/li><li><div ><div class=\"iconlist-item-icon\"><\/div><div class=\"iconlist-item-content\"><h4>LA PASSION<\/h4><p>Nous sommes passionn\u00e9s par le succ\u00e8s de nos employ\u00e9s, de nos partenaires et de nos produits.<\/div><\/div><\/li><li><div ><div class=\"iconlist-item-icon\"><\/div><div class=\"iconlist-item-content\"><h4>INNOVATION<\/h4><p>Osez \u00eatre diff\u00e9rent dans tous les domaines d&#8217;activit\u00e9, prenez des risques et apprenez les uns des autres.<\/div><\/div><\/li><\/ul>[\/vc_column][\/vc_row][vc_row css=&#8221;.vc_custom_1575626116364{padding-top: 80px !important;padding-bottom: 80px !important;background-color: #ffffff !important;}&#8221;][vc_column][vc_custom_heading text=&#8221;Rejoins notre \u00e9quipe!&#8221; font_container=&#8221;tag:h6|font_size:10px|text_align:center&#8221; use_theme_fonts=&#8221;yes&#8221; el_class=&#8221;style1&#8243;][vc_empty_space height=&#8221;6px&#8221;][vc_custom_heading text=&#8221;OUVERTURES ACTUELLES&#8221; font_container=&#8221;tag:h2|text_align:center&#8221; use_theme_fonts=&#8221;yes&#8221;][vc_empty_space height=&#8221;10px&#8221;][vc_column_text]<\/p>\n<p style=\"text-align: center;\">Sentez-vous combl\u00e9. S&#8217;amuser. Aidez-nous \u00e0 fa\u00e7onner l&#8217;avenir.<\/p>\n<p>[\/vc_column_text][vc_empty_space height=&#8221;50px&#8221;][vc_column_text]<\/p>\n<table style=\"height: 231px;\" width=\"590\">\n<thead>\n<tr>\n<th style=\"text-align: left;\">R\u00f4le<\/th>\n<th style=\"text-align: left;\">Emplacement<\/th>\n<th style=\"text-align: left;\">Type<\/th>\n<th><\/th>\n<\/tr>\n<\/thead>\n<tbody>\n<tr>\n<td>\n<h6 class=\"no-margin-top no-margin-bottom\" style=\"text-align: left;\">Sp\u00e9cialiste RH \u00e0 distance<\/h6>\n<\/td>\n<td style=\"text-align: left;\">Casablanca<\/td>\n<td style=\"text-align: left;\">A distance<\/td>\n<td class=\"text-right\" style=\"text-align: left;\"><a href=\"https:\/\/www.blutec.ma\/fr\/contacter-nous\/\">Postuler maintenant<\/a><\/td>\n<\/tr>\n<tr>\n<td>\n<h6 class=\"no-margin-top no-margin-bottom\" style=\"text-align: left;\">Stagiaire Marketing Digital \u00e0 distance<\/h6>\n<\/td>\n<td style=\"text-align: left;\">Casablanca<\/td>\n<td style=\"text-align: left;\">A distance<\/td>\n<td class=\"text-right\" style=\"text-align: left;\"><a href=\"https:\/\/www.blutec.ma\/fr\/contacter-nous\/\">Postuler maintenant<\/a><\/td>\n<\/tr>\n<tr>\n<td>\n<h6 class=\"no-margin-top no-margin-bottom\" style=\"text-align: left;\">Sp\u00e9cialiste du support \u00e0 distance<\/h6>\n<\/td>\n<td style=\"text-align: left;\">Casablanca<\/td>\n<td style=\"text-align: left;\">A distance<\/td>\n<td class=\"text-right\" style=\"text-align: left;\"><a href=\"https:\/\/www.blutec.ma\/fr\/contacter-nous\/\">Postuler maintenant<\/a><\/td>\n<\/tr>\n<\/tbody>\n<\/table>\n<p>[\/vc_column_text][vc_empty_space height=&#8221;40px&#8221;][vc_column_text]<\/p>\n<p style=\"text-align: center;\">Nous sommes toujours \u00e0 la recherche de talents talentueux pour rejoindre notre \u00e9quipe. Suivez-nous sur\u00a0<a class=\"dot\" href=\"https:\/\/www.linkedin.com\/company\/blutecdigital\">LinkedIn<\/a>!<\/p>\n<p>[\/vc_column_text][\/vc_column][\/vc_row]<\/p>\n<\/div>","protected":false},"excerpt":{"rendered":"<p>[vc_row css=&#8221;.vc_custom_1586116209697{padding-top: 80px !important;padding-bottom: 40px !important;background-color: #ffffff !important;}&#8221;][vc_column][\/vc_column][\/vc_row][vc_row css=&#8221;.vc_custom_1575626116364{padding-top: 80px !important;padding-bottom: 80px !important;background-color: #ffffff !important;}&#8221;][vc_column][vc_custom_heading text=&#8221;Rejoins notre \u00e9quipe!&#8221; font_container=&#8221;tag:h6|font_size:10px|text_align:center&#8221; use_theme_fonts=&#8221;yes&#8221; el_class=&#8221;style1&#8243;][vc_empty_space height=&#8221;6px&#8221;][vc_custom_heading text=&#8221;OUVERTURES ACTUELLES&#8221; font_container=&#8221;tag:h2|text_align:center&#8221; use_theme_fonts=&#8221;yes&#8221;][vc_empty_space height=&#8221;10px&#8221;][vc_column_text] Sentez-vous combl\u00e9. S&#8217;amuser. Aidez-nous \u00e0 fa\u00e7onner l&#8217;avenir. [\/vc_column_text][vc_empty_space height=&#8221;50px&#8221;][vc_column_text] R\u00f4le Emplacement Type Sp\u00e9cialiste RH \u00e0 distance Casablanca A distance Postuler maintenant Stagiaire Marketing Digital \u00e0 distance Casablanca A [&hellip;]<\/p>\n","protected":false},"author":1,"featured_media":0,"parent":0,"menu_order":0,"comment_status":"closed","ping_status":"closed","template":"tmpl\/template-fullwidth.php","meta":{"_acf_changed":false,"_mo_disable_npp":"","footnotes":""},"class_list":["post-2699","page","type-page","status-publish","hentry"],"acf":[],"yoast_head":"<!-- This site is optimized with the Yoast SEO plugin v26.0 - https:\/\/yoast.com\/wordpress\/plugins\/seo\/ -->\n<title>Carri\u00e8res - BLUTEC IT Solutions<\/title>\n<meta name=\"robots\" content=\"noindex, follow, max-snippet:-1, max-image-preview:large, max-video-preview:-1\" \/>\n<meta property=\"og:locale\" content=\"fr_FR\" \/>\n<meta property=\"og:type\" content=\"article\" \/>\n<meta property=\"og:title\" content=\"Carri\u00e8res - BLUTEC IT Solutions\" \/>\n<meta property=\"og:description\" content=\"[vc_row css=&#8221;.vc_custom_1586116209697{padding-top: 80px !important;padding-bottom: 40px !important;background-color: #ffffff !important;}&#8221;][vc_column][\/vc_column][\/vc_row][vc_row css=&#8221;.vc_custom_1575626116364{padding-top: 80px !important;padding-bottom: 80px !important;background-color: #ffffff !important;}&#8221;][vc_column][vc_custom_heading text=&#8221;Rejoins notre \u00e9quipe!&#8221; font_container=&#8221;tag:h6|font_size:10px|text_align:center&#8221; use_theme_fonts=&#8221;yes&#8221; el_class=&#8221;style1&#8243;][vc_empty_space height=&#8221;6px&#8221;][vc_custom_heading text=&#8221;OUVERTURES ACTUELLES&#8221; font_container=&#8221;tag:h2|text_align:center&#8221; use_theme_fonts=&#8221;yes&#8221;][vc_empty_space height=&#8221;10px&#8221;][vc_column_text] Sentez-vous combl\u00e9. S&#8217;amuser. Aidez-nous \u00e0 fa\u00e7onner l&#8217;avenir. [\/vc_column_text][vc_empty_space height=&#8221;50px&#8221;][vc_column_text] R\u00f4le Emplacement Type Sp\u00e9cialiste RH \u00e0 distance Casablanca A distance Postuler maintenant Stagiaire Marketing Digital \u00e0 distance Casablanca A [&hellip;]\" \/>\n<meta property=\"og:url\" content=\"https:\/\/www.blutec.ma\/fr\/carrieres\/\" \/>\n<meta property=\"og:site_name\" content=\"BLUTEC IT Solutions\" \/>\n<meta property=\"article:modified_time\" content=\"2020-12-12T20:08:15+00:00\" \/>\n<meta name=\"twitter:card\" content=\"summary_large_image\" \/>\n<meta name=\"twitter:label1\" content=\"Dur\u00e9e de lecture estim\u00e9e\" \/>\n\t<meta name=\"twitter:data1\" content=\"1 minute\" \/>\n<script type=\"application\/ld+json\" class=\"yoast-schema-graph\">{\"@context\":\"https:\/\/schema.org\",\"@graph\":[{\"@type\":\"WebPage\",\"@id\":\"https:\/\/www.blutec.ma\/fr\/carrieres\/\",\"url\":\"https:\/\/www.blutec.ma\/fr\/carrieres\/\",\"name\":\"Carri\u00e8res - BLUTEC IT Solutions\",\"isPartOf\":{\"@id\":\"https:\/\/www.blutec.ma\/#website\"},\"datePublished\":\"2020-12-12T20:02:05+00:00\",\"dateModified\":\"2020-12-12T20:08:15+00:00\",\"breadcrumb\":{\"@id\":\"https:\/\/www.blutec.ma\/fr\/carrieres\/#breadcrumb\"},\"inLanguage\":\"fr-FR\",\"potentialAction\":[{\"@type\":\"ReadAction\",\"target\":[\"https:\/\/www.blutec.ma\/fr\/carrieres\/\"]}]},{\"@type\":\"BreadcrumbList\",\"@id\":\"https:\/\/www.blutec.ma\/fr\/carrieres\/#breadcrumb\",\"itemListElement\":[{\"@type\":\"ListItem\",\"position\":1,\"name\":\"Home\",\"item\":\"https:\/\/www.blutec.ma\/fr\/\"},{\"@type\":\"ListItem\",\"position\":2,\"name\":\"Carri\u00e8res\"}]},{\"@type\":\"WebSite\",\"@id\":\"https:\/\/www.blutec.ma\/#website\",\"url\":\"https:\/\/www.blutec.ma\/\",\"name\":\"BLUTEC IT Solutions\",\"description\":\"Empower yourselves with the latest technology\",\"potentialAction\":[{\"@type\":\"SearchAction\",\"target\":{\"@type\":\"EntryPoint\",\"urlTemplate\":\"https:\/\/www.blutec.ma\/?s={search_term_string}\"},\"query-input\":{\"@type\":\"PropertyValueSpecification\",\"valueRequired\":true,\"valueName\":\"search_term_string\"}}],\"inLanguage\":\"fr-FR\"}]}<\/script>\n<!-- \/ Yoast SEO plugin. -->","yoast_head_json":{"title":"Carri\u00e8res - BLUTEC IT Solutions","robots":{"index":"noindex","follow":"follow","max-snippet":"max-snippet:-1","max-image-preview":"max-image-preview:large","max-video-preview":"max-video-preview:-1"},"og_locale":"fr_FR","og_type":"article","og_title":"Carri\u00e8res - BLUTEC IT Solutions","og_description":"[vc_row css=&#8221;.vc_custom_1586116209697{padding-top: 80px !important;padding-bottom: 40px !important;background-color: #ffffff !important;}&#8221;][vc_column][\/vc_column][\/vc_row][vc_row css=&#8221;.vc_custom_1575626116364{padding-top: 80px !important;padding-bottom: 80px !important;background-color: #ffffff !important;}&#8221;][vc_column][vc_custom_heading text=&#8221;Rejoins notre \u00e9quipe!&#8221; font_container=&#8221;tag:h6|font_size:10px|text_align:center&#8221; use_theme_fonts=&#8221;yes&#8221; el_class=&#8221;style1&#8243;][vc_empty_space height=&#8221;6px&#8221;][vc_custom_heading text=&#8221;OUVERTURES ACTUELLES&#8221; font_container=&#8221;tag:h2|text_align:center&#8221; use_theme_fonts=&#8221;yes&#8221;][vc_empty_space height=&#8221;10px&#8221;][vc_column_text] Sentez-vous combl\u00e9. S&#8217;amuser. Aidez-nous \u00e0 fa\u00e7onner l&#8217;avenir. [\/vc_column_text][vc_empty_space height=&#8221;50px&#8221;][vc_column_text] R\u00f4le Emplacement Type Sp\u00e9cialiste RH \u00e0 distance Casablanca A distance Postuler maintenant Stagiaire Marketing Digital \u00e0 distance Casablanca A [&hellip;]","og_url":"https:\/\/www.blutec.ma\/fr\/carrieres\/","og_site_name":"BLUTEC IT Solutions","article_modified_time":"2020-12-12T20:08:15+00:00","twitter_card":"summary_large_image","twitter_misc":{"Dur\u00e9e de lecture estim\u00e9e":"1 minute"},"schema":{"@context":"https:\/\/schema.org","@graph":[{"@type":"WebPage","@id":"https:\/\/www.blutec.ma\/fr\/carrieres\/","url":"https:\/\/www.blutec.ma\/fr\/carrieres\/","name":"Carri\u00e8res - BLUTEC IT Solutions","isPartOf":{"@id":"https:\/\/www.blutec.ma\/#website"},"datePublished":"2020-12-12T20:02:05+00:00","dateModified":"2020-12-12T20:08:15+00:00","breadcrumb":{"@id":"https:\/\/www.blutec.ma\/fr\/carrieres\/#breadcrumb"},"inLanguage":"fr-FR","potentialAction":[{"@type":"ReadAction","target":["https:\/\/www.blutec.ma\/fr\/carrieres\/"]}]},{"@type":"BreadcrumbList","@id":"https:\/\/www.blutec.ma\/fr\/carrieres\/#breadcrumb","itemListElement":[{"@type":"ListItem","position":1,"name":"Home","item":"https:\/\/www.blutec.ma\/fr\/"},{"@type":"ListItem","position":2,"name":"Carri\u00e8res"}]},{"@type":"WebSite","@id":"https:\/\/www.blutec.ma\/#website","url":"https:\/\/www.blutec.ma\/","name":"BLUTEC IT Solutions","description":"Empower yourselves with the latest technology","potentialAction":[{"@type":"SearchAction","target":{"@type":"EntryPoint","urlTemplate":"https:\/\/www.blutec.ma\/?s={search_term_string}"},"query-input":{"@type":"PropertyValueSpecification","valueRequired":true,"valueName":"search_term_string"}}],"inLanguage":"fr-FR"}]}},"_links":{"self":[{"href":"https:\/\/www.blutec.ma\/fr\/wp-json\/wp\/v2\/pages\/2699","targetHints":{"allow":["GET"]}}],"collection":[{"href":"https:\/\/www.blutec.ma\/fr\/wp-json\/wp\/v2\/pages"}],"about":[{"href":"https:\/\/www.blutec.ma\/fr\/wp-json\/wp\/v2\/types\/page"}],"author":[{"embeddable":true,"href":"https:\/\/www.blutec.ma\/fr\/wp-json\/wp\/v2\/users\/1"}],"replies":[{"embeddable":true,"href":"https:\/\/www.blutec.ma\/fr\/wp-json\/wp\/v2\/comments?post=2699"}],"version-history":[{"count":17,"href":"https:\/\/www.blutec.ma\/fr\/wp-json\/wp\/v2\/pages\/2699\/revisions"}],"predecessor-version":[{"id":2716,"href":"https:\/\/www.blutec.ma\/fr\/wp-json\/wp\/v2\/pages\/2699\/revisions\/2716"}],"wp:attachment":[{"href":"https:\/\/www.blutec.ma\/fr\/wp-json\/wp\/v2\/media?parent=2699"}],"curies":[{"name":"wp","href":"https:\/\/api.w.org\/{rel}","templated":true}]}}