{"id":2686,"date":"2020-12-11T12:10:37","date_gmt":"2020-12-11T12:10:37","guid":{"rendered":"https:\/\/www.blutec.ma\/a-propos\/"},"modified":"2020-12-12T07:00:21","modified_gmt":"2020-12-12T07:00:21","slug":"a-propos","status":"publish","type":"page","link":"https:\/\/www.blutec.ma\/fr\/a-propos\/","title":{"rendered":"\u00c0 propos"},"content":{"rendered":"<div class=\"wpb-content-wrapper\"><p>[vc_row css=&#8221;.vc_custom_1585482527849{background-color: #f7f7f7 !important;}&#8221;][vc_column offset=&#8221;vc_hidden-sm vc_hidden-xs&#8221;][vc_widget_sidebar sidebar_id=&#8221;sidebar-5fd46860a2d5a&#8221;][\/vc_column][\/vc_row][vc_section el_id=&#8221;Aper\u00e7u&#8221; css=&#8221;.vc_custom_1607693942973{padding-top: 150px !important;background: #ffffff url(https:\/\/www.blutec.ma\/wp-content\/uploads\/2020\/03\/bg-page-title.png?id=2269) !important;}&#8221;][vc_row gap=&#8221;35&#8243;][vc_column][vc_column_text el_class=&#8221;has-medium-font-size&#8221;]BLUTEC est une entreprise priv\u00e9e de conseil, de support et de <a href=\"https:\/\/www.blutec.ma\/it-services\/\">services informatiques<\/a> cr\u00e9\u00e9e en 2010. Aujourd&#8217;hui, nous sommes fiers de pouvoir compter sur une solide \u00e9quipe de consultants et d&#8217;ing\u00e9nieurs informatiques qui s&#8217;\u00e9panouissent en retroussent leurs manches, de r\u00e9soudre vos probl\u00e8mes informatiques et de r\u00e9pondre aux besoins de votre entreprise.<\/p>\n<p>Nous avons pour mission de d\u00e9passer vos attentes et de cr\u00e9e avec vous une relation \u00e0 long terme et mutuellement b\u00e9n\u00e9fique.<\/p>\n<p>&nbsp;<\/p>\n<p>&nbsp;<\/p>\n<p>[\/vc_column_text][vc_empty_space height=&#8221;60px&#8221;][\/vc_column][\/vc_row][vc_row][vc_column]<ul class=\"iconlist iconlist iconlist-icon-medium gap-10\"><li><div class=\"shadow  vc_custom_1554106021581\"><div class=\"iconlist-item-icon\"><i class=\"icon-genius\"><\/i><\/div><div class=\"iconlist-item-content\"><br \/>NOTRE MISSION<\/p><p>Miser sur nos technologies et comp\u00e9tences cr\u00e9ant de la valeur pour nos clients. Nous y parviendrons en nous concentrant sur l&#8217;intersection des besoins \u00e9mergents de nos clients et l&#8217;acc\u00e9l\u00e9ration du changement commercial et technologique.<\/div><\/div><\/li><li><div class=\"shadow  vc_custom_1585482930371\"><div class=\"iconlist-item-icon\"><i class=\"icon-flag\"><\/i><\/div><div class=\"iconlist-item-content\"><br \/>NOS VALEURS<\/p><p>Nos valeurs sont les principes directeurs sur lesquels BLUTEC a \u00e9t\u00e9 fond\u00e9 et la mani\u00e8re dont nous organisons \u00e0 mener nos activit\u00e9s au quotidien. Les valeurs \u00e9tablissent notre vision du monde alors que nous formons l&#8217;avenir. Ils d\u00e9terminent comment nous traitons les uns les autres.<\/div><\/div><\/li><li><div class=\"shadow  vc_custom_1554106368619\"><div class=\"iconlist-item-icon\"><i class=\"icon-layers\"><\/i><\/div><div class=\"iconlist-item-content\"><br \/>NOTRE APPROCHE &amp; CULTURE<\/p><p>Notre volont\u00e9 de fournir des services exceptionnels repose sur la conviction que nous ne sommes rien si vous n&#8217;\u00eates pas satisfait de notre travail. Notre passion pour vous aider \u00e0 atteindre vos objectifs, quoi qu&#8217;il arrive, c\u2019est ce qui nous diff\u00e9rencie vraiment de nos concurrents.<\/div><\/div><\/li><\/ul>[\/vc_column][\/vc_row][\/vc_section][vc_section css=&#8221;.vc_custom_1607693979207{padding-top: 150px !important;padding-bottom: 80px !important;background: #e0e0e0 url(https:\/\/www.blutec.ma\/wp-content\/uploads\/2020\/03\/bg-page-title.png?id=2269) !important;}&#8221; el_id=&#8221;histoire&#8221;][vc_row][vc_column width=&#8221;1\/4&#8243;][\/vc_column][vc_column width=&#8221;1\/2&#8243;][vc_custom_heading text=&#8221;Notre histoire&#8221; font_container=&#8221;tag:h6|font_size:10px|text_align:center&#8221; use_theme_fonts=&#8221;yes&#8221; el_class=&#8221;style1&#8243;][vc_empty_space height=&#8221;6px&#8221;][vc_custom_heading text=&#8221;HISTORIQUE DU D\u00c9VELOPPEMENT DES SOLUTIONS IT BLUTEC&#8221; font_container=&#8221;tag:h2|text_align:center&#8221; use_theme_fonts=&#8221;yes&#8221;][vc_empty_space height=&#8221;40px&#8221;][vc_separator color=&#8221;custom&#8221; border_width=&#8221;3&#8243; el_width=&#8221;10&#8243; accent_color=&#8221;#82b541&#8243;][vc_empty_space height=&#8221;60px&#8221;][\/vc_column][vc_column width=&#8221;1\/4&#8243;][\/vc_column][\/vc_row][vc_row css_animation=&#8221;none&#8221; css=&#8221;.vc_custom_1575625917447{padding-right: 15% !important;padding-left: 15% !important;}&#8221;][vc_column width=&#8221;1\/4&#8243;][vc_custom_heading text=&#8221;1991&#8243; font_container=&#8221;tag:h4|text_align:left|line_height:1.5em&#8221; use_theme_fonts=&#8221;yes&#8221;][vc_empty_space height=&#8221;20px&#8221;][\/vc_column][vc_column width=&#8221;3\/4&#8243;][vc_column_text]ILM Technology est n\u00e9 \u00e0 Ad\u00e9la\u00efde, en Australie, et a fourni un support mat\u00e9riel PC et LAN en Australie occidentale et en Australie du Sud.<\/p>\n<p>[\/vc_column_text][vc_empty_space height=&#8221;40px&#8221;][\/vc_column][\/vc_row][vc_row css_animation=&#8221;none&#8221; css=&#8221;.vc_custom_1575625917447{padding-right: 15% !important;padding-left: 15% !important;}&#8221;][vc_column width=&#8221;1\/4&#8243;][vc_custom_heading text=&#8221;1995&#8243; font_container=&#8221;tag:h4|text_align:left|line_height:1.5em&#8221; use_theme_fonts=&#8221;yes&#8221;][vc_empty_space height=&#8221;20px&#8221;][\/vc_column][vc_column width=&#8221;3\/4&#8243;][vc_column_text]ILM Technology a \u00e9t\u00e9 embauch\u00e9 et sous-trait\u00e9 par la NSCA \u00abNational Shipping Company of Saudi Arabia\u00bb pour mettre en \u0153uvre leur infrastructure LAN \/ WAN.[\/vc_column_text][vc_empty_space height=&#8221;40px&#8221;][\/vc_column][\/vc_row][vc_row css_animation=&#8221;none&#8221; css=&#8221;.vc_custom_1575625917447{padding-right: 15% !important;padding-left: 15% !important;}&#8221;][vc_column width=&#8221;1\/4&#8243;][vc_custom_heading text=&#8221;2004&#8243; font_container=&#8221;tag:h4|text_align:left|line_height:1.5em&#8221; use_theme_fonts=&#8221;yes&#8221;][vc_empty_space height=&#8221;20px&#8221;][\/vc_column][vc_column width=&#8221;3\/4&#8243;][vc_column_text]BLUTEC IT Solutions a d\u00e9marr\u00e9 au Moyen-Orient pour couvrir la demande de services informatiques.<\/p>\n<p>[\/vc_column_text][vc_empty_space height=&#8221;40px&#8221;][\/vc_column][\/vc_row][vc_row css_animation=&#8221;none&#8221; css=&#8221;.vc_custom_1575625917447{padding-right: 15% !important;padding-left: 15% !important;}&#8221;][vc_column width=&#8221;1\/4&#8243;][vc_custom_heading text=&#8221;2006&#8243; font_container=&#8221;tag:h4|text_align:left|line_height:1.5em&#8221; use_theme_fonts=&#8221;yes&#8221;][vc_empty_space height=&#8221;20px&#8221;][\/vc_column][vc_column width=&#8221;3\/4&#8243;][vc_column_text]Mawjah Technologies &amp; VOSYX sont devenus BLUTEC dans la r\u00e9gion du Moyen-Orient. Les projets \u00e9taient une plate-forme virtuelle, # 1\u00e8re petites annonces de voitures pour les utilisateurs \u00e0 acheter et \u00e0 vendre, une plate-forme Web sociale pour Saudi Aramco Mobil Refinery.<\/p>\n<p>[\/vc_column_text][vc_empty_space height=&#8221;40px&#8221;][\/vc_column][\/vc_row][vc_row css_animation=&#8221;none&#8221; css=&#8221;.vc_custom_1534133353803{padding-right: 15% !important;padding-left: 15% !important;}&#8221;][vc_column width=&#8221;1\/4&#8243;][vc_custom_heading text=&#8221;2010&#8243; font_container=&#8221;tag:h4|text_align:left|line_height:1.5em&#8221; use_theme_fonts=&#8221;yes&#8221;][vc_empty_space height=&#8221;20px&#8221;][\/vc_column][vc_column width=&#8221;3\/4&#8243;][vc_column_text]BLUTEC a lanc\u00e9 pour la premi\u00e8re fois au Maroc, en Afrique du Nord et mis en \u0153uvre des Projets pour Web CMS, ERP \/ CRM pour la fabrication \/ vente en gros, \u00c9cole virtuelle. BLUTEC a \u00e9t\u00e9 parmi les premiers partenaires d&#8217;Odoo \u00e0 d\u00e9ployer des projets Odoo Specific Business en Afrique du Nord.[\/vc_column_text][vc_empty_space height=&#8221;40px&#8221;][\/vc_column][\/vc_row][vc_row css_animation=&#8221;none&#8221; css=&#8221;.vc_custom_1534133353803{padding-right: 15% !important;padding-left: 15% !important;}&#8221;][vc_column width=&#8221;1\/4&#8243;][vc_custom_heading text=&#8221;2015&#8243; font_container=&#8221;tag:h4|text_align:left|line_height:1.5em&#8221; use_theme_fonts=&#8221;yes&#8221;][vc_empty_space height=&#8221;20px&#8221;][\/vc_column][vc_column width=&#8221;3\/4&#8243;][vc_column_text]BLUTEC a \u00e9t\u00e9 approuv\u00e9 en tant que fournisseur de services VMWARE et partenaire Citrix[\/vc_column_text][vc_empty_space height=&#8221;40px&#8221;][\/vc_column][\/vc_row][vc_row css_animation=&#8221;none&#8221; css=&#8221;.vc_custom_1534133353803{padding-right: 15% !important;padding-left: 15% !important;}&#8221;][vc_column width=&#8221;1\/4&#8243;][vc_custom_heading text=&#8221;2016&#8243; font_container=&#8221;tag:h4|text_align:left|line_height:1.5em&#8221; use_theme_fonts=&#8221;yes&#8221;][vc_empty_space height=&#8221;20px&#8221;][\/vc_column][vc_column width=&#8221;3\/4&#8243;][vc_column_text]BLUTEC est devenu le partenaire Silver certifi\u00e9 Sophos \u00abCyberoam\u00bb en Afrique du Nord.[\/vc_column_text][vc_empty_space height=&#8221;40px&#8221;][\/vc_column][\/vc_row][vc_row css_animation=&#8221;none&#8221; css=&#8221;.vc_custom_1534133362720{padding-right: 15% !important;padding-left: 15% !important;}&#8221;][vc_column width=&#8221;1\/4&#8243;][vc_custom_heading text=&#8221;2019&#8243; font_container=&#8221;tag:h4|text_align:left|line_height:1.5em&#8221; use_theme_fonts=&#8221;yes&#8221;][vc_empty_space height=&#8221;20px&#8221;][\/vc_column][vc_column width=&#8221;3\/4&#8243;][vc_column_text]BLUTEC CLOUD est n\u00e9 en tant qu&#8217;entit\u00e9 distincte ax\u00e9e sur l&#8217;ERP \/ CRM, les solutions SaaS, les solutions sp\u00e9cifiques au commerce de d\u00e9tail, le commerce \u00e9lectronique et la r\u00e9alit\u00e9 augment\u00e9e. BLUTEC est devenu partenaire de Comodo Cybersecurity, le leader mondial des solutions de cyber s\u00e9curit\u00e9.[\/vc_column_text][vc_empty_space height=&#8221;40px&#8221;][\/vc_column][\/vc_row][vc_row css_animation=&#8221;none&#8221; css=&#8221;.vc_custom_1534133373185{padding-right: 15% !important;padding-left: 15% !important;}&#8221;][vc_column width=&#8221;1\/4&#8243;][vc_custom_heading text=&#8221;2020&#8243; font_container=&#8221;tag:h4|text_align:left|line_height:1.5em&#8221; use_theme_fonts=&#8221;yes&#8221;][vc_empty_space height=&#8221;20px&#8221;][\/vc_column][vc_column width=&#8221;3\/4&#8243;][vc_column_text]BLUTEC s&#8217;est associ\u00e9 \u00e0 Veem, le leader de la gestion des donn\u00e9es dans le cloud.[\/vc_column_text][\/vc_column][\/vc_row][\/vc_section][vc_row css=&#8221;.vc_custom_1585437719011{padding-top: 150px !important;padding-right: 100px !important;padding-bottom: 100px !important;padding-left: 100px !important;background: #cdcdcd url(https:\/\/www.blutec.ma\/wp-content\/uploads\/2020\/03\/bg-page-title.png?id=2269) !important;background-position: 0 0 !important;background-repeat: repeat !important;}&#8221; el_id=&#8221;blog&#8221;][vc_column][vc_row_inner][vc_column_inner width=&#8221;1\/4&#8243;][\/vc_column_inner][vc_column_inner width=&#8221;1\/2&#8243;][vc_custom_heading text=&#8221;FORMEZ NOTRE BLOG&#8221; font_container=&#8221;tag:h6|font_size:15px|text_align:center&#8221; el_class=&#8221;style1&#8243;][vc_empty_space height=&#8221;6px&#8221;][vc_custom_heading text=&#8221;DES ID\u00c9ES QUI FONT L&#8217;INNOVATION DE DEMAIN&#8221; font_container=&#8221;tag:h2|text_align:center|color:%23ffffff&#8221; use_theme_fonts=&#8221;yes&#8221;][vc_empty_space height=&#8221;20px&#8221;][\/vc_column_inner][vc_column_inner width=&#8221;1\/4&#8243;][\/vc_column_inner][\/vc_row_inner][vc_row_inner][vc_column_inner width=&#8221;1\/6&#8243;][\/vc_column_inner][vc_column_inner width=&#8221;2\/3&#8243;][vc_column_text]<\/p>\n<p style=\"text-align: center;\">Explorez le blog BLUTEC IT Solutions pour obtenir des informations pr\u00e9cieuses et un leadership \u00e9clair\u00e9 sur les meilleures pratiques du secteur en mati\u00e8re de services informatiques g\u00e9r\u00e9s et les tendances informatiques d&#8217;entreprise.<\/p>\n<p>[\/vc_column_text][vc_empty_space height=&#8221;50px&#8221;][\/vc_column_inner][vc_column_inner width=&#8221;1\/6&#8243;][\/vc_column_inner][\/vc_row_inner]\n\t<div class=\"blog-shortcode  has-post-content post-thumbnail-cover style2\">\n\t\t\n\t\t<div class=\"blog-entries\">\n\t\t\t\t\t\t\t<div class=\"entries-wrapper content-inner blog-grid\" data-grid-normal data-columns=\"3\">\n\t\t\t\t\t\t\t\t\t\t\t\n\t\t\t\t<div class=\"post post-2733 type-post status-publish format-standard has-post-thumbnail hentry category-nouvelles-et-evenements tag-avantages tag-services-geres\">\n\t\t\t\t\t<div class=\"post-inner\">\n\n\t\t\t\t\t\t<a href=\"https:\/\/www.blutec.ma\/fr\/conseils-pour-faire-de-votre-personnel-une-premiere-ligne-de-securite\/\">\t\t\n\t\t\t\t\t\t\t\t\t\t\t\t\t\t\t\n\t\t\t\t\t\t\t\t\t\t\t\t\t\t\t\t\t\n\t\t\t\t\t\t\t\t\t<div class=\"post-image\">\n\t\t\t\t\t\t\t\t\t\t<div class=\"post-meta\">\n\t\t\t\t\t\t\t\t\t\t\t<div class=\"post-avatar\">\n\t\t\t\t\t\t\t\t\t\t\t\t<img alt='' src='https:\/\/secure.gravatar.com\/avatar\/17ddfce94573aa45b4e07bf03fbc4d9f11df0d2fbae7688c5d582c33e9d64c94?s=80&#038;d=mm&#038;r=g' srcset='https:\/\/secure.gravatar.com\/avatar\/17ddfce94573aa45b4e07bf03fbc4d9f11df0d2fbae7688c5d582c33e9d64c94?s=160&#038;d=mm&#038;r=g 2x' class='avatar avatar-80 photo' height='80' width='80' \/>\t\t\t\t\t\t\t\t\t\t\t<\/div>\n\t\t\t\t\t\t\t\t\t\t\t<div class=\"post-author-content\">\n\t\t\t\t\t\t\t\t\t\t\t\t<span>by<\/span>\n\t\t\t\t\t\t\t\t\t\t\t\t<span class=\"post-name\">admin<\/span>\n\t\t\t\t\t\t\t\t\t\t\t<\/div>\n\t\t\t\t\t\t\t\t\t\t<\/div>\n\t\t\t\t\t\t\t\t\t\t<img decoding=\"async\" class=\"\" src=\"https:\/\/www.blutec.ma\/wp-content\/uploads\/2018\/05\/rawpixel-com-567026-unsplash1-800x300.jpg\" width=\"800\" height=\"300\" alt=\"rawpixel-com-567026-unsplash(1)\" title=\"rawpixel-com-567026-unsplash(1)\" loading=\"lazy\" \/>\t\t\t\t\t\t\t\t\t<\/div>\n\n\t\t\t\t\t\t\t\t\n\t\t\t\t\t\t\t\n\t\t\t\t\t\t\t<div class=\"post-wrap\">\n\t\t\t\t\t\t\t\t<span class=\"post-date\">d\u00e9cembre 13, 2020<\/span>\n\t\t\t\t\t\t\t\t\n\t\t\t\t\t\t\t\t<h2 class=\"post-title\">Conseils pour faire de votre personnel une premi\u00e8re ligne de s\u00e9curit\u00e9<\/h2>\n\t\t\t\t\t\t\t\t\n\t\t\t\t\t\t\t\t\t\t\t\t\t\t\t\t\t<div class=\"post-content\">\n\t\t\t\t\t\t\t\t\t\tLa cybers\u00e9curit\u00e9 est quelque chose qui nous pr\u00e9occupe constamment ici \u00e0 BLUTEC. En effet, selon Bloomberg, les probl\u00e8mes...\t\t\t\t\t\t\t\t\t<\/div>\n\t\t\t\t\t\t\t\t\n\t\t\t\t\t\t\t\t\t\t\t\t\t\t\t\t\t<span class=\"button\">\t\t\t\n\t\t\t\t\t\t\t\t\t\tEn savoir plus\t\t\t\t\t\t\t\t\t<\/span>\n\t\t\t\t\t\t\t\t\t\t\t\t\t\t\t<\/div>\n\t\t\t\t\t\t<\/a>\n\t\t\t\t\t<\/div>\t\t\n\t\t\t\t<\/div>\n\n\t\t\t\t\t\t\t\t\n\t\t\t\t<div class=\"post post-2725 type-post status-publish format-standard hentry category-astuces-rapides tag-la-technologie tag-recuperation-de-donnees tag-sauvegarde-de-donnees\">\n\t\t\t\t\t<div class=\"post-inner\">\n\n\t\t\t\t\t\t<a href=\"https:\/\/www.blutec.ma\/fr\/la-recuperation-de-donnees-est-elle-importante\/\">\t\t\n\t\t\t\t\t\t\t\t\t\t\t\t\t\t\t\n\t\t\t\t\t\t\t\t\n\t\t\t\t\t\t\t\t\t<div class=\"post-image\">\n\t\t\t\t\t\t\t\t\t\t<span class=\"\">\n\t\t\t\t\t\t\t\t\t\t\t\t\t\t\t\t\t\t\t\t\t<\/span>\n\t\t\t\t\t\t\t\t\t<\/div>\n\n\t\t\t\t\t\t\t\t\n\t\t\t\t\t\t\t\n\t\t\t\t\t\t\t<div class=\"post-wrap\">\n\t\t\t\t\t\t\t\t<span class=\"post-date\">d\u00e9cembre 13, 2020<\/span>\n\t\t\t\t\t\t\t\t\n\t\t\t\t\t\t\t\t<h2 class=\"post-title\">La r\u00e9cup\u00e9ration de donn\u00e9es est-elle importante ?<\/h2>\n\t\t\t\t\t\t\t\t\n\t\t\t\t\t\t\t\t\t\t\t\t\t\t\t\t\t<div class=\"post-content\">\n\t\t\t\t\t\t\t\t\t\tPosez une question commune aux grands g\u00e9ants de l'informatique: \"Dans ce monde de donn\u00e9es et d'informations \u00e0 \u00e9coulement...\t\t\t\t\t\t\t\t\t<\/div>\n\t\t\t\t\t\t\t\t\n\t\t\t\t\t\t\t\t\t\t\t\t\t\t\t\t\t<span class=\"button\">\t\t\t\n\t\t\t\t\t\t\t\t\t\tEn savoir plus\t\t\t\t\t\t\t\t\t<\/span>\n\t\t\t\t\t\t\t\t\t\t\t\t\t\t\t<\/div>\n\t\t\t\t\t\t<\/a>\n\t\t\t\t\t<\/div>\t\t\n\t\t\t\t<\/div>\n\n\t\t\t\t\t\t\t\t\t\t\t<\/div>\n\t\t<\/div>\n\t<\/div>[vc_empty_space height=&#8221;40px&#8221;][vc_column_text]<\/p>\n<p style=\"text-align: center;\">Des informations pour vous aider \u00e0 faire ce que vous faites mieux, plus rapidement et de mani\u00e8re plus rentable. <a href=\"https:\/\/www.blutec.ma\/it-blog\/\">Voir tout l&#8217;article<\/a><\/p>\n<p>[\/vc_column_text][vc_empty_space height=&#8221;80px&#8221;][\/vc_column][\/vc_row]<\/p>\n<\/div>","protected":false},"excerpt":{"rendered":"<p>[vc_row css=&#8221;.vc_custom_1585482527849{background-color: #f7f7f7 !important;}&#8221;][vc_column offset=&#8221;vc_hidden-sm vc_hidden-xs&#8221;][vc_widget_sidebar sidebar_id=&#8221;sidebar-5fd46860a2d5a&#8221;][\/vc_column][\/vc_row][vc_section el_id=&#8221;Aper\u00e7u&#8221; css=&#8221;.vc_custom_1607693942973{padding-top: 150px !important;background: #ffffff url(https:\/\/www.blutec.ma\/wp-content\/uploads\/2020\/03\/bg-page-title.png?id=2269) !important;}&#8221;][vc_row gap=&#8221;35&#8243;][vc_column][vc_column_text el_class=&#8221;has-medium-font-size&#8221;]BLUTEC est une entreprise priv\u00e9e de conseil, de support et de services informatiques cr\u00e9\u00e9e en 2010. Aujourd&#8217;hui, nous sommes fiers de pouvoir compter sur une solide \u00e9quipe de consultants et d&#8217;ing\u00e9nieurs informatiques qui s&#8217;\u00e9panouissent en retroussent leurs manches, de r\u00e9soudre [&hellip;]<\/p>\n","protected":false},"author":1,"featured_media":0,"parent":0,"menu_order":0,"comment_status":"closed","ping_status":"closed","template":"tmpl\/template-fullwidth.php","meta":{"_acf_changed":false,"_mo_disable_npp":"","footnotes":""},"class_list":["post-2686","page","type-page","status-publish","hentry"],"acf":[],"yoast_head":"<!-- This site is optimized with the Yoast SEO plugin v26.0 - https:\/\/yoast.com\/wordpress\/plugins\/seo\/ -->\n<title>\u00c0 propos - BLUTEC IT Solutions<\/title>\n<meta name=\"robots\" content=\"noindex, follow, max-snippet:-1, max-image-preview:large, max-video-preview:-1\" \/>\n<meta property=\"og:locale\" content=\"fr_FR\" \/>\n<meta property=\"og:type\" content=\"article\" \/>\n<meta property=\"og:title\" content=\"\u00c0 propos - BLUTEC IT Solutions\" \/>\n<meta property=\"og:description\" content=\"[vc_row css=&#8221;.vc_custom_1585482527849{background-color: #f7f7f7 !important;}&#8221;][vc_column offset=&#8221;vc_hidden-sm vc_hidden-xs&#8221;][vc_widget_sidebar sidebar_id=&#8221;sidebar-5fd46860a2d5a&#8221;][\/vc_column][\/vc_row][vc_section el_id=&#8221;Aper\u00e7u&#8221; css=&#8221;.vc_custom_1607693942973{padding-top: 150px !important;background: #ffffff url(https:\/\/www.blutec.ma\/wp-content\/uploads\/2020\/03\/bg-page-title.png?id=2269) !important;}&#8221;][vc_row gap=&#8221;35&#8243;][vc_column][vc_column_text el_class=&#8221;has-medium-font-size&#8221;]BLUTEC est une entreprise priv\u00e9e de conseil, de support et de services informatiques cr\u00e9\u00e9e en 2010. Aujourd&#8217;hui, nous sommes fiers de pouvoir compter sur une solide \u00e9quipe de consultants et d&#8217;ing\u00e9nieurs informatiques qui s&#8217;\u00e9panouissent en retroussent leurs manches, de r\u00e9soudre [&hellip;]\" \/>\n<meta property=\"og:url\" content=\"https:\/\/www.blutec.ma\/fr\/a-propos\/\" \/>\n<meta property=\"og:site_name\" content=\"BLUTEC IT Solutions\" \/>\n<meta property=\"article:modified_time\" content=\"2020-12-12T07:00:21+00:00\" \/>\n<meta name=\"twitter:card\" content=\"summary_large_image\" \/>\n<meta name=\"twitter:label1\" content=\"Dur\u00e9e de lecture estim\u00e9e\" \/>\n\t<meta name=\"twitter:data1\" content=\"8 minutes\" \/>\n<script type=\"application\/ld+json\" class=\"yoast-schema-graph\">{\"@context\":\"https:\/\/schema.org\",\"@graph\":[{\"@type\":\"WebPage\",\"@id\":\"https:\/\/www.blutec.ma\/fr\/a-propos\/\",\"url\":\"https:\/\/www.blutec.ma\/fr\/a-propos\/\",\"name\":\"\u00c0 propos - BLUTEC IT Solutions\",\"isPartOf\":{\"@id\":\"https:\/\/www.blutec.ma\/#website\"},\"datePublished\":\"2020-12-11T12:10:37+00:00\",\"dateModified\":\"2020-12-12T07:00:21+00:00\",\"breadcrumb\":{\"@id\":\"https:\/\/www.blutec.ma\/fr\/a-propos\/#breadcrumb\"},\"inLanguage\":\"fr-FR\",\"potentialAction\":[{\"@type\":\"ReadAction\",\"target\":[\"https:\/\/www.blutec.ma\/fr\/a-propos\/\"]}]},{\"@type\":\"BreadcrumbList\",\"@id\":\"https:\/\/www.blutec.ma\/fr\/a-propos\/#breadcrumb\",\"itemListElement\":[{\"@type\":\"ListItem\",\"position\":1,\"name\":\"Home\",\"item\":\"https:\/\/www.blutec.ma\/fr\/\"},{\"@type\":\"ListItem\",\"position\":2,\"name\":\"\u00c0 propos\"}]},{\"@type\":\"WebSite\",\"@id\":\"https:\/\/www.blutec.ma\/#website\",\"url\":\"https:\/\/www.blutec.ma\/\",\"name\":\"BLUTEC IT Solutions\",\"description\":\"Empower yourselves with the latest technology\",\"potentialAction\":[{\"@type\":\"SearchAction\",\"target\":{\"@type\":\"EntryPoint\",\"urlTemplate\":\"https:\/\/www.blutec.ma\/?s={search_term_string}\"},\"query-input\":{\"@type\":\"PropertyValueSpecification\",\"valueRequired\":true,\"valueName\":\"search_term_string\"}}],\"inLanguage\":\"fr-FR\"}]}<\/script>\n<!-- \/ Yoast SEO plugin. -->","yoast_head_json":{"title":"\u00c0 propos - BLUTEC IT Solutions","robots":{"index":"noindex","follow":"follow","max-snippet":"max-snippet:-1","max-image-preview":"max-image-preview:large","max-video-preview":"max-video-preview:-1"},"og_locale":"fr_FR","og_type":"article","og_title":"\u00c0 propos - BLUTEC IT Solutions","og_description":"[vc_row css=&#8221;.vc_custom_1585482527849{background-color: #f7f7f7 !important;}&#8221;][vc_column offset=&#8221;vc_hidden-sm vc_hidden-xs&#8221;][vc_widget_sidebar sidebar_id=&#8221;sidebar-5fd46860a2d5a&#8221;][\/vc_column][\/vc_row][vc_section el_id=&#8221;Aper\u00e7u&#8221; css=&#8221;.vc_custom_1607693942973{padding-top: 150px !important;background: #ffffff url(https:\/\/www.blutec.ma\/wp-content\/uploads\/2020\/03\/bg-page-title.png?id=2269) !important;}&#8221;][vc_row gap=&#8221;35&#8243;][vc_column][vc_column_text el_class=&#8221;has-medium-font-size&#8221;]BLUTEC est une entreprise priv\u00e9e de conseil, de support et de services informatiques cr\u00e9\u00e9e en 2010. Aujourd&#8217;hui, nous sommes fiers de pouvoir compter sur une solide \u00e9quipe de consultants et d&#8217;ing\u00e9nieurs informatiques qui s&#8217;\u00e9panouissent en retroussent leurs manches, de r\u00e9soudre [&hellip;]","og_url":"https:\/\/www.blutec.ma\/fr\/a-propos\/","og_site_name":"BLUTEC IT Solutions","article_modified_time":"2020-12-12T07:00:21+00:00","twitter_card":"summary_large_image","twitter_misc":{"Dur\u00e9e de lecture estim\u00e9e":"8 minutes"},"schema":{"@context":"https:\/\/schema.org","@graph":[{"@type":"WebPage","@id":"https:\/\/www.blutec.ma\/fr\/a-propos\/","url":"https:\/\/www.blutec.ma\/fr\/a-propos\/","name":"\u00c0 propos - BLUTEC IT Solutions","isPartOf":{"@id":"https:\/\/www.blutec.ma\/#website"},"datePublished":"2020-12-11T12:10:37+00:00","dateModified":"2020-12-12T07:00:21+00:00","breadcrumb":{"@id":"https:\/\/www.blutec.ma\/fr\/a-propos\/#breadcrumb"},"inLanguage":"fr-FR","potentialAction":[{"@type":"ReadAction","target":["https:\/\/www.blutec.ma\/fr\/a-propos\/"]}]},{"@type":"BreadcrumbList","@id":"https:\/\/www.blutec.ma\/fr\/a-propos\/#breadcrumb","itemListElement":[{"@type":"ListItem","position":1,"name":"Home","item":"https:\/\/www.blutec.ma\/fr\/"},{"@type":"ListItem","position":2,"name":"\u00c0 propos"}]},{"@type":"WebSite","@id":"https:\/\/www.blutec.ma\/#website","url":"https:\/\/www.blutec.ma\/","name":"BLUTEC IT Solutions","description":"Empower yourselves with the latest technology","potentialAction":[{"@type":"SearchAction","target":{"@type":"EntryPoint","urlTemplate":"https:\/\/www.blutec.ma\/?s={search_term_string}"},"query-input":{"@type":"PropertyValueSpecification","valueRequired":true,"valueName":"search_term_string"}}],"inLanguage":"fr-FR"}]}},"_links":{"self":[{"href":"https:\/\/www.blutec.ma\/fr\/wp-json\/wp\/v2\/pages\/2686","targetHints":{"allow":["GET"]}}],"collection":[{"href":"https:\/\/www.blutec.ma\/fr\/wp-json\/wp\/v2\/pages"}],"about":[{"href":"https:\/\/www.blutec.ma\/fr\/wp-json\/wp\/v2\/types\/page"}],"author":[{"embeddable":true,"href":"https:\/\/www.blutec.ma\/fr\/wp-json\/wp\/v2\/users\/1"}],"replies":[{"embeddable":true,"href":"https:\/\/www.blutec.ma\/fr\/wp-json\/wp\/v2\/comments?post=2686"}],"version-history":[{"count":7,"href":"https:\/\/www.blutec.ma\/fr\/wp-json\/wp\/v2\/pages\/2686\/revisions"}],"predecessor-version":[{"id":2695,"href":"https:\/\/www.blutec.ma\/fr\/wp-json\/wp\/v2\/pages\/2686\/revisions\/2695"}],"wp:attachment":[{"href":"https:\/\/www.blutec.ma\/fr\/wp-json\/wp\/v2\/media?parent=2686"}],"curies":[{"name":"wp","href":"https:\/\/api.w.org\/{rel}","templated":true}]}}